{"id":2,"date":"2010-03-17T11:01:11","date_gmt":"2010-03-17T11:01:11","guid":{"rendered":"http:\/\/www.koeln-lunke.de\/wordpress\/?page_id=2"},"modified":"2026-02-11T13:21:12","modified_gmt":"2026-02-11T12:21:12","slug":"eine-seite","status":"publish","type":"page","link":"https:\/\/www.koeln-lunke.de\/wordpress\/eine-seite","title":{"rendered":"Impressum"},"content":{"rendered":"<div id=\"koeln-2857578187\" class=\"koeln-vor-dem-inhalt koeln-entity-placement\" style=\"margin-top: 2px;margin-bottom: 5px;\"><div class=\"koeln-adlabel\">Werbung<\/div><script async src=\"\/\/pagead2.googlesyndication.com\/pagead\/js\/adsbygoogle.js?client=ca-pub-8010464134132480\" crossorigin=\"anonymous\"><\/script><ins class=\"adsbygoogle\" style=\"display:block;\" data-ad-client=\"ca-pub-8010464134132480\" \ndata-ad-slot=\"4020926907\" \ndata-ad-format=\"auto\"><\/ins>\n<script> \n(adsbygoogle = window.adsbygoogle || []).push({}); \n<\/script>\n<\/div><p>Diese Hompage wird betreut von<\/p>\n<p><img decoding=\"async\" src=\"https:\/\/www.koeln-lunke.de\/bilder\/impwx.gif\" alt=\"koeln-lunke\" \/><\/p>\n<p>Den Jugendschutzbeauftragten gibts nicht mehr, ist bei diesem Projekt ganz offensichtlich aber auch nicht erforderlich.<\/p>\n<p>Zur <b>Datenschutzrichtlinie<\/b> ab dem 25.05.2018: <a href=\"\/phpBB2\/ucp.php?mode=privacy\">Klick<\/a><\/p>\n<p>Haftung<\/p>\n<p>Der Seitenbetreiber stellt sein Internetangebot unter folgenden Nutzungsbedingungen zur Verf\u00fcgung:<\/p>\n<li>Der Seitenbetreiber ist nach \u00a7 8 Abs. 1 TDG f\u00fcr die eigenen Inhalte, die er zur Nutzung bereith\u00e4lt, nach den allgemeinen Vorschriften verantwortlich. Die Haftung f\u00fcr Sch\u00e4den materieller oder ideeller Art, die durch die Nutzung der Inhalte verursacht wurden, ist ausgeschlossen, sofern nicht Vorsatz oder grobe Fahrl\u00e4ssigkeit vorliegt.\n<\/li>\n<li>Der Seitenbetreiber ist gem\u00e4\u00df \u00a7 8 Abs.2 TDG nicht verpflichtet, die von ihm \u00fcbermittelten oder gespeicherten fremden Informationen zu \u00fcberwachen oder nach Umst\u00e4nden zu forschen, die auf eine rechtswidrige T\u00e4tigkeit hinweisen.\n<\/li>\n<li>Der Seitenbetreiber macht sich den Inhalt, der innerhalb seines Angebots per Hyperlinks zug\u00e4nglich gemachten fremden Websites ausdr\u00fccklich nicht zu eigen und kann deshalb f\u00fcr deren inhaltliche Korrektheit, Vollst\u00e4ndigkeit und Verf\u00fcgbarkeit keine Gew\u00e4hr leisten. Der Seitenbetreiber hat keinen Einfluss auf die aktuelle und zuk\u00fcnftige Gestaltung und auf Inhalte der gelinkten Seiten.\n<\/li>\n<li>Der Seitenbetreiber weist darauf hin, da\u00df sein Angebot zum Teil kostenpflichtig sein kann.\n<\/li>\n<li>Speicherung von Zugriffsdaten<br \/>\nBei jeder Anforderung einer Datei aus diesem Angebot k\u00f6nnen Zugriffsdaten gespeichert werden. Alle gespeicherten Daten werden ausschliesslich zu statistischen Zwecken beim Inhaltsanbieter ausgewertet, eine Weitergabe an Dritte, auch in Ausz\u00fcgen, findet nicht statt.\n<\/li>\n<li>Da auf dieser Seite Werbung durch Google Adsense angezeigt wird, kann es sein, da\u00df Ihr Browser ein von Google Inc. oder Dritten gesendetes Cookie speichert. Dieses Cookie kann durch Google Inc. oder Dritte ausgelesen werden. Um dieses Cookie zu l\u00f6schen oder die Cookiebehandlung generell zu ver\u00e4ndern, konsultieren Sie bitte die Hilfe Ihres Browsers. In der Regel finden sich diese Einstellungen unter Extras -> Einstellungen Datenschutz (Firefox) oder unter Extras -> Internetoptionen -> Datenschutz (Internet Explorer). Au\u00dferdem k\u00f6nnen auch entsprechend Web-Beacons eingesetzt werden. Das sind kleine Grafiken die eingesetzt werden zu statistischen Zwecken.\n<\/li>\n<li>\n<blockquote><p>\n<strong>Google+<\/strong><\/p>\n<p>Mithilfe der Google +1-Schaltfl\u00e4che k\u00f6nnen Sie Informationen weltweit ver\u00f6ffentlichen. \u00dcber die Google +1-Schaltfl\u00e4che erhalten Sie und andere Nutzer personalisierte Inhalte von Google und unseren Partnern. Google speichert sowohl die Information, dass Sie f\u00fcr einen Inhalt +1 gegeben haben, als auch Informationen \u00fcber die Seite, die Sie beim Klicken auf +1 angesehen haben. Ihre +1 k\u00f6nnen als Hinweise zusammen mit Ihrem Profilnamen und Ihrem Foto in Google-Diensten, wie etwa in Suchergebnissen oder in Ihrem Google-Profil, oder an anderen Stellen auf Websites und Anzeigen im Internet eingeblendet werden. <\/p>\n<p> Google zeichnet Informationen \u00fcber Ihre +1-Aktivit\u00e4ten auf, um die Google-Dienste f\u00fcr Sie und andere zu verbessern.<\/p>\n<p>Um die Google +1-Schaltfl\u00e4che verwenden zu k\u00f6nnen, ben\u00f6tigen Sie ein weltweit sichtbares, \u00f6ffentliches Google-Profil, das zumindest den f\u00fcr das Profil gew\u00e4hlten Namen enthalten muss. Dieser Name wird in allen Google-Diensten verwendet. In manchen F\u00e4llen kann dieser Name auch einen anderen Namen ersetzen, den Sie beim Teilen von Inhalten \u00fcber Ihr Google-Konto verwendet haben. Die Identit\u00e4t Ihres Google-Profils kann Nutzern angezeigt werden, die Ihre E-Mail-Adresse kennen oder \u00fcber andere identifizierende Informationen von Ihnen verf\u00fcgen.<br \/>\nVerwendung der erfassten Informationen<\/p>\n<p>Neben den oben erl\u00e4uterten Verwendungszwecken werden die von Ihnen bereitgestellten Informationen gem\u00e4\u00df den geltenden Google-Datenschutzbestimmungen genutzt.<\/p>\n<p>Wir ver\u00f6ffentlichen m\u00f6glicherweise zusammengefasste Statistiken \u00fcber die +1-Aktivit\u00e4ten der Nutzer bzw. geben diese Statistiken an unsere Nutzer und Partner weiter, wie etwa Publisher, Inserenten oder verbundene Websites. So k\u00f6nnen wir beispielsweise einem Publisher Folgendes mitteilen: &#8222;10 Prozent der Nutzer, die dieser Seite +1 gegeben haben, befinden sich in New York.&#8220; <\/p>\n<p>Siehe auch <a href=\"https:\/\/www.google.com\/intl\/de\/+\/policy\/+1button.html\" title=\"Google Datenschutz\" target=\"_blank\" rel=\"noopener\">&#8211;><\/a> <\/p><\/blockquote>\n<\/li>\n<li>Wir liefern hier manchmal auch Links zu Amazon bzw. anderen Online-Shops, wer \u00fcber einen solchen Link bestellt, der g\u00f6nnt uns ein paar Prozente Provision&#8230;\n<p>Konkret f\u00fcr Amazon hei\u00dft das: Wir sind Teilnehmer des Partnerprogramms von Amazon EU, das zur Bereitstellung eines Mediums f\u00fcr Websites konzipiert wurde, mittels dessen durch die Platzierung von Werbeanzeigen und Links zu Amazon.de Werbekostenerstattung verdient werden kann.\n<\/li>\n<p>Rechtswirksamkeit<br \/>\nSofern Teile oder einzelne Formulierungen dieses Dokumentes der geltenden Rechtslage nicht, nicht mehr oder nicht vollst\u00e4ndig entsprechen sollten, bleiben die \u00fcbrigen Teile dieses Dokumentes in ihrem Inhalt und ihrer G\u00fcltigkeit davon unber\u00fchrt.<\/p>\n<p>im M\u00e4rz 2005<\/p>\n<p>Dank<\/p>\n<p>Wir bedanken uns bei folgenden Seiten f\u00fcr verwendetes Material: <\/p>\n<p>Der Dinosauerier  &#8211; <a href=\"https:\/\/pixabay.com\/users\/jhonatan_perez-4855933\/?utm_source=link-attribution&amp;utm_medium=referral&amp;utm_campaign=image&amp;utm_content=3172048\">Jhonatan_Perez<\/a>, Pixabay<br \/>\nWeihnachtliches Header-Bild &#8211; <a href=\"https:\/\/pixabay.com\/users\/clker-free-vector-images-3736\/?utm_source=link-attribution&amp;utm_medium=referral&amp;utm_campaign=image&amp;utm_content=31665\">Clker-Free-Vector-Images<\/a>, Pixabay<br \/>\nSanit\u00e4r &#8211;  <a href=\"https:\/\/pixabay.com\/de\/users\/alexas_fotos-686414\/?utm_source=link-attribution&#038;utm_medium=referral&#038;utm_campaign=image&#038;utm_content=2547297\">Alexa<\/a>, Pixabay<br \/>\nfahrradfahrender Frosch &#8211; <a href=\"https:\/\/pixabay.com\/de\/users\/alexas_fotos-686414\/?utm_source=link-attribution&#038;utm_medium=referral&#038;utm_campaign=image&#038;utm_content=1701075\">Alexa<\/a>a><br \/>\nHelium-Ballons &#8211; <a href=\"https:\/\/pixabay.com\/de\/users\/hilkefromm-1579242\/?utm_source=link-attribution&#038;utm_medium=referral&#038;utm_campaign=image&#038;utm_content=1012541\">Hilke Fromm<\/a><br \/>\nM\u00fclls\u00e4cke &#8211; <a href=\"https:\/\/pixabay.com\/de\/users\/filmbetrachter-4391290\/?utm_source=link-attribution&#038;utm_medium=referral&#038;utm_campaign=image&#038;utm_content=4165018\">Filmbetrachter<\/a> <\/p>\n","protected":false},"excerpt":{"rendered":"<p>Diese Hompage wird betreut von Den Jugendschutzbeauftragten gibts nicht mehr, ist bei diesem Projekt ganz offensichtlich aber auch nicht erforderlich. Zur Datenschutzrichtlinie ab dem 25.05.2018: Klick Haftung Der Seitenbetreiber stellt sein Internetangebot unter folgenden Nutzungsbedingungen zur Verf\u00fcgung: Der Seitenbetreiber ist nach \u00a7 8 Abs. 1 TDG f\u00fcr die eigenen Inhalte, die er zur Nutzung bereith\u00e4lt, nach den allgemeinen Vorschriften verantwortlich. Die Haftung f\u00fcr Sch\u00e4den materieller oder ideeller Art, die durch die Nutzung der Inhalte verursacht wurden, ist ausgeschlossen, sofern nicht<\/p>\n","protected":false},"author":1,"featured_media":0,"parent":0,"menu_order":0,"comment_status":"closed","ping_status":"closed","template":"","meta":{"footnotes":""},"class_list":["post-2","page","type-page","status-publish","hentry"],"_links":{"self":[{"href":"https:\/\/www.koeln-lunke.de\/wordpress\/wp-json\/wp\/v2\/pages\/2","targetHints":{"allow":["GET"]}}],"collection":[{"href":"https:\/\/www.koeln-lunke.de\/wordpress\/wp-json\/wp\/v2\/pages"}],"about":[{"href":"https:\/\/www.koeln-lunke.de\/wordpress\/wp-json\/wp\/v2\/types\/page"}],"author":[{"embeddable":true,"href":"https:\/\/www.koeln-lunke.de\/wordpress\/wp-json\/wp\/v2\/users\/1"}],"replies":[{"embeddable":true,"href":"https:\/\/www.koeln-lunke.de\/wordpress\/wp-json\/wp\/v2\/comments?post=2"}],"version-history":[{"count":12,"href":"https:\/\/www.koeln-lunke.de\/wordpress\/wp-json\/wp\/v2\/pages\/2\/revisions"}],"predecessor-version":[{"id":1028,"href":"https:\/\/www.koeln-lunke.de\/wordpress\/wp-json\/wp\/v2\/pages\/2\/revisions\/1028"}],"wp:attachment":[{"href":"https:\/\/www.koeln-lunke.de\/wordpress\/wp-json\/wp\/v2\/media?parent=2"}],"curies":[{"name":"wp","href":"https:\/\/api.w.org\/{rel}","templated":true}]}}